{"id":25552,"date":"2025-06-01T11:53:12","date_gmt":"2025-06-01T14:53:12","guid":{"rendered":"https:\/\/freewalkertours.com\/sobre-nos-ptbr\/"},"modified":"2026-01-12T13:50:54","modified_gmt":"2026-01-12T16:50:54","slug":"agencia","status":"publish","type":"page","link":"https:\/\/freewalkertours.com\/pt-br\/agencia\/","title":{"rendered":"Sobre"},"content":{"rendered":"\t\t<div data-elementor-type=\"wp-page\" data-elementor-id=\"25552\" class=\"elementor elementor-25552 elementor-25464\" data-elementor-post-type=\"page\">\n\t\t\t\t<div class=\"elementor-element elementor-element-3f480dd e-flex e-con-boxed e-con e-parent\" data-id=\"3f480dd\" data-element_type=\"container\" data-settings=\"{&quot;background_background&quot;:&quot;classic&quot;}\">\n\t\t\t\t\t<div class=\"e-con-inner\">\n\t\t<div class=\"elementor-element elementor-element-f2a2808 e-con-full e-flex e-con e-child\" data-id=\"f2a2808\" data-element_type=\"container\">\n\t\t\t\t<div class=\"elementor-element elementor-element-149749b elementor-widget elementor-widget-text-editor\" data-id=\"149749b\" data-element_type=\"widget\" data-widget_type=\"text-editor.default\">\n\t\t\t\t\t\t\t\t\t<p>SOBRE N\u00d3S<\/p>\t\t\t\t\t\t\t\t<\/div>\n\t\t\t\t<div class=\"elementor-element elementor-element-70bd792 elementor-widget elementor-widget-heading\" data-id=\"70bd792\" data-element_type=\"widget\" data-widget_type=\"heading.default\">\n\t\t\t\t\t<h1 class=\"elementor-heading-title elementor-size-default\">Sobre a Free Walker\n<\/h1>\t\t\t\t<\/div>\n\t\t\t\t<\/div>\n\t\t\t\t\t<\/div>\n\t\t\t\t<\/div>\n\t\t<div class=\"elementor-element elementor-element-c77d538 e-grid e-con-boxed e-con e-parent\" data-id=\"c77d538\" data-element_type=\"container\">\n\t\t\t\t\t<div class=\"e-con-inner\">\n\t\t<div class=\"elementor-element elementor-element-bccb7b1 e-con-full e-flex e-con e-child\" data-id=\"bccb7b1\" data-element_type=\"container\">\n\t\t\t\t<div class=\"elementor-element elementor-element-0b59a8e elementor-widget elementor-widget-text-editor\" data-id=\"0b59a8e\" data-element_type=\"widget\" data-widget_type=\"text-editor.default\">\n\t\t\t\t\t\t\t\t\t<div class=\"faq\"><p>A Free Walker Tours, uma ag\u00eancia de turismo receptivo do Rio de Janeiro, foi a primeira empresa do Rio a oferecer um modelo de turismo vindo da Europa: <a href=\"https:\/\/freewalkertours.com\/pt-br\/\">Rio Free Walking Tour<\/a>. Nossa empresa foi fundada por tr\u00eas amigas que estudaram administra\u00e7\u00e3o e, no \u00faltimo ano de faculdade, decidiram congelar os estudos para aprender outro idioma e expandir a vis\u00e3o de mundo.<\/p><p>Por isso moramos na Irlanda por um ano, onde tivemos a oportunidade de submergir na vida local. Tamb\u00e9m tivemos a chance de viajar e conhecer muitos pa\u00edses e culturas. Em nossas viagens, sempre que cheg\u00e1vamos a uma cidade nova, a primeira coisa que busc\u00e1vamos eram os free walking tours.<\/p><p>Estivemos em mais de 20 pa\u00edses diferentes na Europa, \u00c1frica e Am\u00e9rica. Quando voltamos ao Brasil, procuramos por um Rio Free Walking Tour \u2013 mas n\u00e3o encontramos! Foi assim que a Free Walker nasceu, em julho de 2013!<\/p><h3>A Free Walker, ag\u00eancia de turismo do Rio de Janeiro, \u00e9 totalmente focada na qualidade dos passeios<\/h3><p>N\u00f3s prometemos fazer nossos tours com qualidade excepcional, de maneira divertida, interativa e informal. Assim, estamos mudando o modo pelo qual os tours s\u00e3o organizados na cidade e aumentando a expectativa sobre os passeios tur\u00edsticos.<\/p><p>Hoje, estamos em Paraty e no Rio de Janeiro e temos mais de 15 walkers que est\u00e3o nos ajudando a mostrar a Cidade Maravilhosa para mais de 2.000 turistas por m\u00eas, advindos de mais de 80 pa\u00edses diferentes. Estamos fazendo nosso melhor esfor\u00e7o para satisfazer nosso p\u00fablico multicultural que nos d\u00e1 a honra de mostr\u00e1-los o Rio de Janeiro. N\u00f3s oferecemos 6 <a href=\"https:\/\/freewalkertours.com\/pt-br\/destinos\/\">passeios no Rio de Janeiro<\/a> e o <a href=\"https:\/\/freewalkertours.com\/pt-br\/paraty\/\">Free Walking Tour Paraty<\/a><\/p><p>Pode ter a certeza de que estamos fazendo todo o poss\u00edvel (e tamb\u00e9m o imposs\u00edvel) para fazer de seu tempo em nossos passeios I-N-E-S-Q-U-E-C-\u00cd-V-E-L! Junte-se a melhor ag\u00eancia de turismo no Rio de Janeiro.<\/p><p><strong>Muito obrigado por sua visita, e tenha excelentes f\u00e9rias! <\/strong><\/p><\/div>\t\t\t\t\t\t\t\t<\/div>\n\t\t\t\t<\/div>\n\t\t\t\t\t<\/div>\n\t\t\t\t<\/div>\n\t\t\t\t<\/div>\n\t\t","protected":false},"excerpt":{"rendered":"<p>SOBRE N\u00d3S Sobre a Free Walker A Free Walker Tours, uma ag\u00eancia de turismo receptivo do Rio de Janeiro, foi a primeira empresa do Rio a oferecer um modelo de turismo vindo da Europa: Rio Free Walking Tour. Nossa empresa foi fundada por tr\u00eas amigas que estudaram administra\u00e7\u00e3o e, no \u00faltimo ano de faculdade, decidiram [&hellip;]<\/p>\n","protected":false},"author":1,"featured_media":0,"parent":0,"menu_order":0,"comment_status":"closed","ping_status":"closed","template":"elementor_header_footer","meta":{"_acf_changed":false,"footnotes":""},"class_list":["post-25552","page","type-page","status-publish","hentry"],"acf":[],"_links":{"self":[{"href":"https:\/\/freewalkertours.com\/pt-br\/wp-json\/wp\/v2\/pages\/25552","targetHints":{"allow":["GET"]}}],"collection":[{"href":"https:\/\/freewalkertours.com\/pt-br\/wp-json\/wp\/v2\/pages"}],"about":[{"href":"https:\/\/freewalkertours.com\/pt-br\/wp-json\/wp\/v2\/types\/page"}],"author":[{"embeddable":true,"href":"https:\/\/freewalkertours.com\/pt-br\/wp-json\/wp\/v2\/users\/1"}],"replies":[{"embeddable":true,"href":"https:\/\/freewalkertours.com\/pt-br\/wp-json\/wp\/v2\/comments?post=25552"}],"version-history":[{"count":5,"href":"https:\/\/freewalkertours.com\/pt-br\/wp-json\/wp\/v2\/pages\/25552\/revisions"}],"predecessor-version":[{"id":29452,"href":"https:\/\/freewalkertours.com\/pt-br\/wp-json\/wp\/v2\/pages\/25552\/revisions\/29452"}],"wp:attachment":[{"href":"https:\/\/freewalkertours.com\/pt-br\/wp-json\/wp\/v2\/media?parent=25552"}],"curies":[{"name":"wp","href":"https:\/\/api.w.org\/{rel}","templated":true}]}}