{"id":25273,"date":"2025-05-27T05:32:23","date_gmt":"2025-05-27T08:32:23","guid":{"rendered":"https:\/\/freewalkertours.com\/?page_id=25273"},"modified":"2025-12-02T11:48:05","modified_gmt":"2025-12-02T14:48:05","slug":"faq","status":"publish","type":"page","link":"https:\/\/freewalkertours.com\/pt-br\/faq\/","title":{"rendered":"FAQ &#8211; PTBR"},"content":{"rendered":"\t\t<div data-elementor-type=\"wp-page\" data-elementor-id=\"25273\" class=\"elementor elementor-25273\" data-elementor-post-type=\"page\">\n\t\t\t\t<div class=\"elementor-element elementor-element-3543a60 e-flex e-con-boxed e-con e-parent\" data-id=\"3543a60\" data-element_type=\"container\" data-settings=\"{&quot;background_background&quot;:&quot;classic&quot;}\">\n\t\t\t\t\t<div class=\"e-con-inner\">\n\t\t<div class=\"elementor-element elementor-element-8834f56 e-con-full e-flex e-con e-child\" data-id=\"8834f56\" data-element_type=\"container\">\n\t\t\t\t<div class=\"elementor-element elementor-element-bc8d6a0 elementor-widget elementor-widget-text-editor\" data-id=\"bc8d6a0\" data-element_type=\"widget\" data-widget_type=\"text-editor.default\">\n\t\t\t\t\t\t\t\t\t<p>FAQ<\/p>\t\t\t\t\t\t\t\t<\/div>\n\t\t\t\t<div class=\"elementor-element elementor-element-188aa85 elementor-widget elementor-widget-heading\" data-id=\"188aa85\" data-element_type=\"widget\" data-widget_type=\"heading.default\">\n\t\t\t\t\t<h1 class=\"elementor-heading-title elementor-size-default\">D\u00daVIDAS FREQUENTES<\/h1>\t\t\t\t<\/div>\n\t\t\t\t<div class=\"elementor-element elementor-element-99cb587 elementor-widget elementor-widget-text-editor\" data-id=\"99cb587\" data-element_type=\"widget\" data-widget_type=\"text-editor.default\">\n\t\t\t\t\t\t\t\t\tListamos as principais d\u00favidas de nossos clientes abaixo. Caso n\u00e3o encontre resposta para suas, entre em contato conosco.\t\t\t\t\t\t\t\t<\/div>\n\t\t\t\t<\/div>\n\t\t\t\t\t<\/div>\n\t\t\t\t<\/div>\n\t\t<div class=\"elementor-element elementor-element-534c994 e-grid e-con-boxed e-con e-parent\" data-id=\"534c994\" data-element_type=\"container\">\n\t\t\t\t\t<div class=\"e-con-inner\">\n\t\t<div class=\"elementor-element elementor-element-1140879 e-con-full e-flex e-con e-child\" data-id=\"1140879\" data-element_type=\"container\">\n\t\t\t\t<div class=\"elementor-element elementor-element-32c8b5c elementor-widget elementor-widget-text-editor\" data-id=\"32c8b5c\" data-element_type=\"widget\" data-widget_type=\"text-editor.default\">\n\t\t\t\t\t\t\t\t\t<div class=\"faq\"><h2>POR QUE VOC\u00caS OFERECEM FREE TOURS?<\/h2><p>Nosso modelo foi inspirado em um novo conceito de turismo vindo da Europa, onde as pessoas pagam ao final, se quiserem e se gostarem do passeio. Acreditamos que todos devem aprender sobre a cultura do Rio de Janeiro, independentemente do seu or\u00e7amento.<\/p><p>Tamb\u00e9m acreditamos que, para garantir a qualidade, a divers\u00e3o e a seguran\u00e7a de nossos clientes, os passeios n\u00e3o devem ser pagos com anteced\u00eancia.<\/p><p>A ideia \u00e9 a de fazermos o nosso melhor e, ao final, voc\u00ea decidir se valeu a pena!<\/p><\/div><div class=\"faq\"><h2>E SE CHOVER?<\/h2><p>O nosso passeio continua, com chuva leve ou com sol.<br \/>Mas em <b>raros<\/b> casos, quando a chuva est\u00e1 extremamente forte, tornando <b><u>imposs\u00edvel<\/u><\/b> a nossa caminhada, o passeio \u00e9 cancelado previamente. O Atendimento ao Cliente entra em contato e avisa, com anteced\u00eancia!<\/p><\/div><div class=\"faq\"><h2>PRECISO RESERVAR O PASSEIO?<\/h2><p>\u00c9 necess\u00e1rio reservar o passeio! <br \/>At\u00e9 <b>grupos com 8 (oito) pessoas<\/b> voc\u00ea consegue fazer a reserva pelo site. A partir de <b>grupos de 9 (nove) pessoas<\/b> \u00e9 necess\u00e1rio entrar em contato com o <b><u>Atendimento ao Cliente<\/u><\/b>, clicando no s\u00edmbolo do Whatsapp do lado, ou\u00a0<span style=\"font-size: 1em;\">envie um e-mail para info@freewalkertours.com e agende seu passeio privado.<\/span><\/p><\/div><div class=\"faq\"><h2>VOC\u00caS OFERECEM PASSEIOS AO CRISTO REDENTOR?<\/h2><p>N\u00e3o, a Free Walker oferece passeios para o Centro e Lapa (de dia e a noite), Boulevard Ol\u00edmpico e Pedra do Sal. Se voc\u00ea quiser visitar o Cristo, a melhor empresa do Rio que oferece esse passeio \u00e9 a\u00a0<a href=\"https:\/\/s2rio.com\/\" target=\"_blank\" rel=\"noopener\">S2 Rio<\/a>.<\/p><\/div><div class=\"faq\"><h2>E SE EU FOR A \u00daNICA PESSOA NO PASSEIO?<\/h2><p>At\u00e9 hoje, isso nunca aconteceu nos roteiros da Free Walker. Venha tranquilo que a divers\u00e3o e o p\u00fablico s\u00e3o garantidos!<\/p><\/div><div class=\"faq\"><h2>POSSO PAGAR COM CART\u00c3O DE CR\u00c9DITO NO PONTO DE ENCONTRO DO FOOD TOUR OU DO PUB CRAWL?<\/h2><p>Sim!<\/p><p>Normalmente n\u00e3o aceitamos dinheiro, apenas em raras ocasi\u00f5es. E na maioria dos bares e restaurantes que frequentamos tamb\u00e9m aceitam cart\u00f5es.<\/p><p><b><i>Observe que nosso Food Tour poder\u00e1 ser cancelado pr\u00f3ximo ao hor\u00e1rio de partida se o n\u00famero m\u00ednimo de participantes n\u00e3o for atingido.<\/i><\/b><\/p><\/div><div class=\"faq\"><h2>O TRAJETO \u00c9 SEGURO?<\/h2><p>Escolhemos com muito carinho, e conhecimento, cada local, trajeto e parada para garantir a seguran\u00e7a de todos os viajantes. Podem vir tranquilos!<\/p><\/div><div class=\"faq\"><h2>POSSO LEVAR MINHA C\u00c2MERA PARA TIRAR FOTOS?<\/h2><p>Claro! A \u00fanica recomenda\u00e7\u00e3o, como em qualquer grande cidade do mundo, \u00e9 aten\u00e7\u00e3o e cuidado (n\u00e3o apenas no nosso passeio, mas em qualquer lugar da cidade). E \u00e9 sempre bom, em qualquer local do Rio, manter as coisas de valor guardadas.<\/p><\/div><div class=\"faq\"><h2>VOC\u00caS TAMB\u00c9M OFERECEM PASSEIOS PRIVADOS?<\/h2><p>Sim. Oferecemos passeios para grupos familiares, escolares, empresariais, de amigos, excurs\u00f5es\u2026 Entre em contato com a gente (info@freewalkertours.com) para receber mais informa\u00e7\u00f5es!<\/p><\/div><div class=\"faq\"><h2>O QUE LEVAR PARA OS PASSEIOS?<\/h2><p>Recomendamos o uso de sapatos confort\u00e1veis, chap\u00e9u\/bon\u00e9, \u00f3culos escuros, que tragam \u00e1gua e passem protetor solar.<\/p><\/div><div class=\"faq\"><h2>OS PASSEIOS ACONTECEM EM QUAIS IDIOMAS?<\/h2><p><a href=\"https:\/\/freewalkertours.com\/pt-br\/rio-de-janeiro\/passeios\/free-walking-tour-centro-e-lapa\/\"><strong>Free Tour Lapa e Centro:<\/strong><\/a>\u00a0ingl\u00eas, portugu\u00eas e espanhol.<\/p><p><a href=\"https:\/\/freewalkertours.com\/pt-br\/rio-de-janeiro\/pub-crawl-rio-de-janeiro\/\"><strong>Pub Crawl Lapa:<\/strong><\/a>\u00a0ingl\u00eas, portugu\u00eas e espanhol.<\/p><p><strong><a href=\"https:\/\/freewalkertours.com\/pt-br\/destinos\/food-tour-rio-de-janeiro\/\"><b>Food Tour<\/b><\/a>:<\/strong>\u00a0ingl\u00eas, portugu\u00eas e espanhol.<\/p><p><strong><a href=\"https:\/\/freewalkertours.com\/pt-br\/rio-de-janeiro\/passeios\/free-walking-tour-boulevard-olimpico\/\"><b>Free Tour Boulevard Ol\u00edmpico e Heran\u00e7a Africana<\/b><\/a>:<\/strong>\u00a0passeio em ingl\u00eas e espanhol.<\/p><\/div><div class=\"faq\"><h2>N\u00d3S ENTRAMOS NOS LOCAIS QUE CONSTAM DO ROTEIRO?<\/h2><p>Na maioria dos casos, <b>n\u00e3o<\/b>, pois, cada local tem sua hist\u00f3ria bem mais aprofundada pelos guias internos! Contamos a hist\u00f3ria, as curiosidades, damos dicas e passamos todas as informa\u00e7\u00f5es para, caso haja interesse em retornar, voc\u00ea esteja por dentro de toda a hist\u00f3ria do local.<\/p><\/div>\t\t\t\t\t\t\t\t<\/div>\n\t\t\t\t<\/div>\n\t\t\t\t\t<\/div>\n\t\t\t\t<\/div>\n\t\t\t\t<\/div>\n\t\t","protected":false},"excerpt":{"rendered":"<p>FAQ D\u00daVIDAS FREQUENTES Listamos as principais d\u00favidas de nossos clientes abaixo. Caso n\u00e3o encontre resposta para suas, entre em contato conosco. POR QUE VOC\u00caS OFERECEM FREE TOURS? Nosso modelo foi inspirado em um novo conceito de turismo vindo da Europa, onde as pessoas pagam ao final, se quiserem e se gostarem do passeio. Acreditamos que [&hellip;]<\/p>\n","protected":false},"author":1,"featured_media":0,"parent":0,"menu_order":0,"comment_status":"closed","ping_status":"closed","template":"","meta":{"_acf_changed":false,"footnotes":""},"class_list":["post-25273","page","type-page","status-publish","hentry"],"acf":[],"_links":{"self":[{"href":"https:\/\/freewalkertours.com\/pt-br\/wp-json\/wp\/v2\/pages\/25273","targetHints":{"allow":["GET"]}}],"collection":[{"href":"https:\/\/freewalkertours.com\/pt-br\/wp-json\/wp\/v2\/pages"}],"about":[{"href":"https:\/\/freewalkertours.com\/pt-br\/wp-json\/wp\/v2\/types\/page"}],"author":[{"embeddable":true,"href":"https:\/\/freewalkertours.com\/pt-br\/wp-json\/wp\/v2\/users\/1"}],"replies":[{"embeddable":true,"href":"https:\/\/freewalkertours.com\/pt-br\/wp-json\/wp\/v2\/comments?post=25273"}],"version-history":[{"count":23,"href":"https:\/\/freewalkertours.com\/pt-br\/wp-json\/wp\/v2\/pages\/25273\/revisions"}],"predecessor-version":[{"id":28998,"href":"https:\/\/freewalkertours.com\/pt-br\/wp-json\/wp\/v2\/pages\/25273\/revisions\/28998"}],"wp:attachment":[{"href":"https:\/\/freewalkertours.com\/pt-br\/wp-json\/wp\/v2\/media?parent=25273"}],"curies":[{"name":"wp","href":"https:\/\/api.w.org\/{rel}","templated":true}]}}