{"id":25554,"date":"2025-06-01T11:53:12","date_gmt":"2025-06-01T14:53:12","guid":{"rendered":"https:\/\/freewalkertours.com\/sobre-nosotros\/"},"modified":"2026-01-12T13:53:17","modified_gmt":"2026-01-12T16:53:17","slug":"agencia","status":"publish","type":"page","link":"https:\/\/freewalkertours.com\/es\/agencia\/","title":{"rendered":"AGENCIA"},"content":{"rendered":"\t\t<div data-elementor-type=\"wp-page\" data-elementor-id=\"25554\" class=\"elementor elementor-25554 elementor-25464\" data-elementor-post-type=\"page\">\n\t\t\t\t<div class=\"elementor-element elementor-element-3f480dd e-flex e-con-boxed e-con e-parent\" data-id=\"3f480dd\" data-element_type=\"container\" data-settings=\"{&quot;background_background&quot;:&quot;classic&quot;}\">\n\t\t\t\t\t<div class=\"e-con-inner\">\n\t\t<div class=\"elementor-element elementor-element-f2a2808 e-con-full e-flex e-con e-child\" data-id=\"f2a2808\" data-element_type=\"container\">\n\t\t\t\t<div class=\"elementor-element elementor-element-149749b elementor-widget elementor-widget-text-editor\" data-id=\"149749b\" data-element_type=\"widget\" data-widget_type=\"text-editor.default\">\n\t\t\t\t\t\t\t\t\t<p>SOBRE NOSOTROS<\/p>\t\t\t\t\t\t\t\t<\/div>\n\t\t\t\t<div class=\"elementor-element elementor-element-70bd792 elementor-widget elementor-widget-heading\" data-id=\"70bd792\" data-element_type=\"widget\" data-widget_type=\"heading.default\">\n\t\t\t\t\t<h1 class=\"elementor-heading-title elementor-size-default\">Sobre la Free Walker\n<\/h1>\t\t\t\t<\/div>\n\t\t\t\t<\/div>\n\t\t\t\t\t<\/div>\n\t\t\t\t<\/div>\n\t\t<div class=\"elementor-element elementor-element-c77d538 e-grid e-con-boxed e-con e-parent\" data-id=\"c77d538\" data-element_type=\"container\">\n\t\t\t\t\t<div class=\"e-con-inner\">\n\t\t<div class=\"elementor-element elementor-element-bccb7b1 e-con-full e-flex e-con e-child\" data-id=\"bccb7b1\" data-element_type=\"container\">\n\t\t\t\t<div class=\"elementor-element elementor-element-0b59a8e elementor-widget elementor-widget-text-editor\" data-id=\"0b59a8e\" data-element_type=\"widget\" data-widget_type=\"text-editor.default\">\n\t\t\t\t\t\t\t\t\t<div class=\"faq\"><p>La Free Walker Tours, es una Agencia de Turismo en R\u00edo de Janeiro y fue la primera empresa de la ciudad a ofrecer un modelo de turismo como el hecho en Europa: <a href=\"https:\/\/freewalkertours.com\/es\/\">R\u00edo Free Walking Tour.<\/a> Nuestra empresa fue fundada por tres amigas que estudiaron administraci\u00f3n y en el \u00faltimo a\u00f1o de universidad decidieron congelar los estudios para aprender otro idioma y ampliar la visi\u00f3n del mundo.<\/p><p>Por eso vivimos en Irlanda por un a\u00f1o, donde tuvimos la oportunidad de conocer en el estilo de vida local. Tambi\u00e9n tuvimos la oportunidad de viajar y conocer muchos otros pa\u00edses y culturas. En nuestros paseos, siempre que lleg\u00e1bamos en una nueva ciudad, la primera cosa que busc\u00e1bamos era un Free Walking Tour.<\/p><p>Conocimos m\u00e1s de 20 diferentes pa\u00edses en Europa, \u00c1frica y Am\u00e9rica. Cuando regresamos a Brasil, buscamos por un Rio Free Walking Tour \u2013 pero no lo encontramos. Fue as\u00ed que Free Walker naci\u00f3, en Julio de 2013.<\/p><h3>A FREE WALKER, AGENCIA DE TURISMO EN R\u00cdO DE JANEIRO, ES TOTALMENTE FOCADA EN LA CALIDAD DE LOS PASEOS<\/h3><p>Nuestra promesa es hacer los tours con calidad excepcional, de manera divertida, participativa y informal. As\u00ed, cambiamos la manera en la cual los tours de la ciudad son organizados, y aumentamos la expectativa sobre los paseos tur\u00edsticos.<\/p><p>Hoy d\u00eda, estamos en Paraty y en R\u00edo de Janeiro y tenemos m\u00e1s de 15 walkers que est\u00e1n ayud\u00e1ndonos a mostrar la Ciudad Maravillosa para m\u00e1s de 2 mil turistas por mes, de m\u00e1s de 80 pa\u00edses. Hacemos el mejor esfuerzo para satisfacer nuestro p\u00fablico multinacional que nos ofrece la oportunidad de mostrarles <a href=\"https:\/\/freewalkertours.com\/es\/destinos\/\">Rio de Janeiro.<\/a> Nosotros tenemos 6 tours en Rio de Janeiro y en <a href=\"https:\/\/freewalkertours.com\/es\/paraty\/\">Free Walking Tour Paraty<\/a><\/p><p>Puede estar seguro que estamos haciendo todo lo que es posible (y tambi\u00e9n el imposible) para transformar su tiempo en nuestros paseos \u00a1I-N-O-L-V-I-D-A-B-L-E! \u00a1\u00danete a la mejor agencia de turismo en R\u00edo de Janeiro!<\/p><p><strong>\u00a1Muchas gracias por su visita y deseamos que tengan excelentes vacaciones! <\/strong><\/p><\/div>\t\t\t\t\t\t\t\t<\/div>\n\t\t\t\t<\/div>\n\t\t\t\t\t<\/div>\n\t\t\t\t<\/div>\n\t\t\t\t<\/div>\n\t\t","protected":false},"excerpt":{"rendered":"<p>SOBRE NOSOTROS Sobre la Free Walker La Free Walker Tours, es una Agencia de Turismo en R\u00edo de Janeiro y fue la primera empresa de la ciudad a ofrecer un modelo de turismo como el hecho en Europa: R\u00edo Free Walking Tour. Nuestra empresa fue fundada por tres amigas que estudiaron administraci\u00f3n y en el [&hellip;]<\/p>\n","protected":false},"author":1,"featured_media":0,"parent":0,"menu_order":0,"comment_status":"closed","ping_status":"closed","template":"elementor_header_footer","meta":{"_acf_changed":false,"footnotes":""},"class_list":["post-25554","page","type-page","status-publish","hentry"],"acf":[],"_links":{"self":[{"href":"https:\/\/freewalkertours.com\/es\/wp-json\/wp\/v2\/pages\/25554","targetHints":{"allow":["GET"]}}],"collection":[{"href":"https:\/\/freewalkertours.com\/es\/wp-json\/wp\/v2\/pages"}],"about":[{"href":"https:\/\/freewalkertours.com\/es\/wp-json\/wp\/v2\/types\/page"}],"author":[{"embeddable":true,"href":"https:\/\/freewalkertours.com\/es\/wp-json\/wp\/v2\/users\/1"}],"replies":[{"embeddable":true,"href":"https:\/\/freewalkertours.com\/es\/wp-json\/wp\/v2\/comments?post=25554"}],"version-history":[{"count":5,"href":"https:\/\/freewalkertours.com\/es\/wp-json\/wp\/v2\/pages\/25554\/revisions"}],"predecessor-version":[{"id":29455,"href":"https:\/\/freewalkertours.com\/es\/wp-json\/wp\/v2\/pages\/25554\/revisions\/29455"}],"wp:attachment":[{"href":"https:\/\/freewalkertours.com\/es\/wp-json\/wp\/v2\/media?parent=25554"}],"curies":[{"name":"wp","href":"https:\/\/api.w.org\/{rel}","templated":true}]}}