{"id":25449,"date":"2025-05-27T05:32:23","date_gmt":"2025-05-27T08:32:23","guid":{"rendered":"https:\/\/freewalkertours.com\/faq\/"},"modified":"2025-12-02T11:43:16","modified_gmt":"2025-12-02T14:43:16","slug":"faq","status":"publish","type":"page","link":"https:\/\/freewalkertours.com\/es\/faq\/","title":{"rendered":"FAQ &#8211; ESP"},"content":{"rendered":"\t\t<div data-elementor-type=\"wp-page\" data-elementor-id=\"25449\" class=\"elementor elementor-25449 elementor-25273\" data-elementor-post-type=\"page\">\n\t\t\t\t<div class=\"elementor-element elementor-element-3543a60 e-flex e-con-boxed e-con e-parent\" data-id=\"3543a60\" data-element_type=\"container\" data-settings=\"{&quot;background_background&quot;:&quot;classic&quot;}\">\n\t\t\t\t\t<div class=\"e-con-inner\">\n\t\t<div class=\"elementor-element elementor-element-8834f56 e-con-full e-flex e-con e-child\" data-id=\"8834f56\" data-element_type=\"container\">\n\t\t\t\t<div class=\"elementor-element elementor-element-bc8d6a0 elementor-widget elementor-widget-text-editor\" data-id=\"bc8d6a0\" data-element_type=\"widget\" data-widget_type=\"text-editor.default\">\n\t\t\t\t\t\t\t\t\t<p>FAQ<\/p>\t\t\t\t\t\t\t\t<\/div>\n\t\t\t\t<div class=\"elementor-element elementor-element-188aa85 elementor-widget elementor-widget-heading\" data-id=\"188aa85\" data-element_type=\"widget\" data-widget_type=\"heading.default\">\n\t\t\t\t\t<h1 class=\"elementor-heading-title elementor-size-default\">PREGUNTAS FRECUENTES<\/h1>\t\t\t\t<\/div>\n\t\t\t\t<div class=\"elementor-element elementor-element-99cb587 elementor-widget elementor-widget-text-editor\" data-id=\"99cb587\" data-element_type=\"widget\" data-widget_type=\"text-editor.default\">\n\t\t\t\t\t\t\t\t\tA continuaci\u00f3n, enumeramos las principales preguntas de nuestros clientes. Si no encuentra la respuesta a la suya, cont\u00e1ctenos. \t\t\t\t\t\t\t\t<\/div>\n\t\t\t\t<\/div>\n\t\t\t\t\t<\/div>\n\t\t\t\t<\/div>\n\t\t<div class=\"elementor-element elementor-element-534c994 e-grid e-con-boxed e-con e-parent\" data-id=\"534c994\" data-element_type=\"container\">\n\t\t\t\t\t<div class=\"e-con-inner\">\n\t\t<div class=\"elementor-element elementor-element-1140879 e-con-full e-flex e-con e-child\" data-id=\"1140879\" data-element_type=\"container\">\n\t\t\t\t<div class=\"elementor-element elementor-element-32c8b5c elementor-widget elementor-widget-text-editor\" data-id=\"32c8b5c\" data-element_type=\"widget\" data-widget_type=\"text-editor.default\">\n\t\t\t\t\t\t\t\t\t<div>\n<h2>\u00bfPOR QU\u00c9 OFRECEN TOURS GRATUITOS?<\/h2>\n<p>Nuestro modelo se inspir\u00f3 en un nuevo concepto de turismo proveniente de Europa, donde la gente paga al final, si quiere y si disfruta del tour. Creemos que todos deber\u00edan aprender sobre la cultura de R\u00edo de Janeiro, sin importar su presupuesto.<\/p>\n<p>Tambi\u00e9n creemos que para garantizar la calidad, diversi\u00f3n y seguridad de nuestros clientes, los tours no deben pagarse por adelantado.<\/p>\n<p>\u00a1La idea es hacerlo lo mejor posible y al final t\u00fa decides si vali\u00f3 la pena!<\/p>\n<\/div>\n<div>\n<h2>\u00bfY SI LLUEVE?<\/h2>\n<p>Nuestro tour contin\u00faa, llueva o truene.<\/p>\n<p>Sin embargo, en raras ocasiones, cuando la lluvia es extremadamente intensa y nos <b><u>impide<\/u><\/b> caminar, el tour se cancela con antelaci\u00f3n. \u00a1El servicio de atenci\u00f3n al cliente se pondr\u00e1 en contacto contigo para informarte con antelaci\u00f3n!<\/p>\n<\/div>\n<div>\n<h2>\u00bfNECESITO RESERVAR EL TOUR?<\/h2>\n<p>\u00a1Es necesario reservar el tour!<\/p>\n<p>Para <b>grupos de hasta 8 (ocho) personas<\/b>, puede reservar a trav\u00e9s de la p\u00e1gina web. Para <b>grupos de 9 (nueve) personas o m\u00e1s<\/b>, contacte con <b><u>Atenci\u00f3n al Cliente<\/u><\/b> haciendo clic en el s\u00edmbolo de WhatsApp o enviando un correo electr\u00f3nico a info@freewalkertours.com para programar su tour privado.<\/p>\n<\/div>\n<div>\n<h2>\u00bfOFRECEMOS TOURS AL CRISTO REDENTOR?<\/h2>\n<p>No, Free Walker ofrece tours al Centro y Lapa (d\u00eda y noche), Boulevard Ol\u00edmpico y Pedra do Sal. Si desea visitar el Cristo Redentor, la mejor compa\u00f1\u00eda en R\u00edo que ofrece este tour es <a href=\"https:\/\/s2rio.com\/\" target=\"_blank\" rel=\"noopener\">S2 Rio<\/a>.<\/p>\n<\/div>\n<div>\n<h2>\u00bfQU\u00c9 PASA SI SOY LA \u00daNICA PERSONA EN EL TOUR?<\/h2>\n<p>Hasta el d\u00eda de hoy, esto nunca ha sucedido en los tours de Free Walker. \u00a1Ven con tranquilidad, diversi\u00f3n y un p\u00fablico excepcional garantizados!<\/p>\n<\/div>\n<div>\n<h2>\u00bfPUEDO PAGAR CON TARJETA DE CR\u00c9DITO EN EL PUNTO DE ENCUENTRO DEL TOUR GASTRON\u00d3MICO O DEL PUB CRAWL?<\/h2>\n<p>\u00a1S\u00ed!<\/p>\n<p>No solemos aceptar efectivo, solo en contadas ocasiones. Y la mayor\u00eda de los bares y restaurantes que frecuentamos tambi\u00e9n aceptan tarjetas.<\/p>\n<p><b>Tenga en cuenta que nuestro Food Tour R\u00edo puede cancelarse cerca de la hora de salida si no se alcanza el n\u00famero m\u00ednimo de participantes.<\/b><\/p>\n<\/div>\n<div>\n<h2>\u00bfES SEGURA LA RUTA?<\/h2>\n<p>Seleccionamos cada ubicaci\u00f3n, ruta y parada con cuidado y conocimiento para garantizar la seguridad de todos los viajeros. \u00a1Ven con tranquilidad!<\/p>\n<\/div>\n<div>\n<h2>\u00bfPUEDO TRAER MI C\u00c1MARA PARA TOMAR FOTOS?<\/h2>\n<p>\u00a1Claro! La \u00fanica recomendaci\u00f3n, como en cualquier gran ciudad del mundo, es tener cuidado y estar atento (no solo en nuestro tour, sino en cualquier lugar de la ciudad). Y siempre es bueno, en cualquier lugar de R\u00edo, mantener los objetos de valor escondidos.<\/p>\n<\/div>\n<div>\n<h2>\u00bfTAMBI\u00c9N OFRECEN TOURS PRIVADOS?<\/h2>\n<p>S\u00ed. Ofrecemos tours para grupos familiares, escolares, de empresa, de amigos, excursiones\u2026 \u00a1Cont\u00e1ctanos (info@freewalkertours.com) para m\u00e1s informaci\u00f3n!<\/p>\n<\/div>\n<div>\n<h2>\u00bfQU\u00c9 LLEVAR A LOS TOURS?<\/h2>\n<p>Recomendamos llevar calzado c\u00f3modo, gorra\/sombrero, gafas de sol, llevar agua y usar protector solar.<\/p>\n<\/div>\n<div>\n<h2>\u00bfEN QU\u00c9 IDIOMAS SE REALIZAN LOS TOURS?<\/h2>\n<p><a href=\"https:\/\/freewalkertours.com\/es\/rio-de-janeiro\/free-walking-tour-centro-rio\/\"><strong>Free Tour Lapa e Centro:<\/strong><\/a> Ingl\u00e9s, portugu\u00e9s y espa\u00f1ol.<\/p>\n<p><a href=\"https:\/\/freewalkertours.com\/es\/rio-de-janeiro\/pub-crawl-rio-de-janeiro\/\"><strong>Pub Crawl Lapa:<\/strong><\/a> Ingl\u00e9s, portugu\u00e9s y espa\u00f1ol.<\/p>\n<p><a style=\"font-size: 1em; background-color: #ffffff;\" href=\"https:\/\/freewalkertours.com\/es\/destinos\/food-tour-rio-de-janeiro\/\"><span style=\"font-weight: bolder;\">Food Tour<\/span><\/a><strong>:<\/strong>&nbsp;<span style=\"font-size: 1em;\">Ingl\u00e9s, portugu\u00e9s y espa\u00f1ol.<\/span><\/p>\n<p><strong><a href=\"https:\/\/freewalkertours.com\/es\/rio-de-janeiro\/free-walking-tour-boulevard-olimpico\/\">Free Tour Boulevard Ol\u00edmpico e Heran\u00e7a Africana<\/a>:<\/strong> Ingl\u00e9s y espa\u00f1ol.<\/p>\n<\/div>\n<div>\n<h2>\u00bfENTRAMOS EN LOS LUGARES INDICADOS EN EL ITINERARIO?<\/h2>\n<p>En la mayor\u00eda de los casos, <b>no<\/b>, ya que cada lugar tiene su propia historia, mucho m\u00e1s detallada, explicada por los gu\u00edas de cada lugar. Contamos la historia, compartimos datos interesantes, damos consejos y proporcionamos toda la informaci\u00f3n para que, si te interesa regresar, conozcas a fondo la historia del lugar.<\/p>\n<\/div>\t\t\t\t\t\t\t\t<\/div>\n\t\t\t\t<\/div>\n\t\t\t\t\t<\/div>\n\t\t\t\t<\/div>\n\t\t\t\t<\/div>\n\t\t","protected":false},"excerpt":{"rendered":"<p>FAQ PREGUNTAS FRECUENTES A continuaci\u00f3n, enumeramos las principales preguntas de nuestros clientes. Si no encuentra la respuesta a la suya, cont\u00e1ctenos. \u00bfPOR QU\u00c9 OFRECEN TOURS GRATUITOS? Nuestro modelo se inspir\u00f3 en un nuevo concepto de turismo proveniente de Europa, donde la gente paga al final, si quiere y si disfruta del tour. Creemos que todos [&hellip;]<\/p>\n","protected":false},"author":1,"featured_media":0,"parent":0,"menu_order":0,"comment_status":"closed","ping_status":"closed","template":"","meta":{"_acf_changed":false,"footnotes":""},"class_list":["post-25449","page","type-page","status-publish","hentry"],"acf":[],"_links":{"self":[{"href":"https:\/\/freewalkertours.com\/es\/wp-json\/wp\/v2\/pages\/25449","targetHints":{"allow":["GET"]}}],"collection":[{"href":"https:\/\/freewalkertours.com\/es\/wp-json\/wp\/v2\/pages"}],"about":[{"href":"https:\/\/freewalkertours.com\/es\/wp-json\/wp\/v2\/types\/page"}],"author":[{"embeddable":true,"href":"https:\/\/freewalkertours.com\/es\/wp-json\/wp\/v2\/users\/1"}],"replies":[{"embeddable":true,"href":"https:\/\/freewalkertours.com\/es\/wp-json\/wp\/v2\/comments?post=25449"}],"version-history":[{"count":7,"href":"https:\/\/freewalkertours.com\/es\/wp-json\/wp\/v2\/pages\/25449\/revisions"}],"predecessor-version":[{"id":28989,"href":"https:\/\/freewalkertours.com\/es\/wp-json\/wp\/v2\/pages\/25449\/revisions\/28989"}],"wp:attachment":[{"href":"https:\/\/freewalkertours.com\/es\/wp-json\/wp\/v2\/media?parent=25449"}],"curies":[{"name":"wp","href":"https:\/\/api.w.org\/{rel}","templated":true}]}}