{"id":25409,"date":"2025-02-25T19:35:44","date_gmt":"2025-02-25T22:35:44","guid":{"rendered":"https:\/\/freewalkertours.com\/contato-en\/"},"modified":"2025-06-18T12:33:30","modified_gmt":"2025-06-18T15:33:30","slug":"contacto","status":"publish","type":"page","link":"https:\/\/freewalkertours.com\/es\/contacto\/","title":{"rendered":"Contacto"},"content":{"rendered":"\t\t<div data-elementor-type=\"wp-page\" data-elementor-id=\"25409\" class=\"elementor elementor-25409 elementor-25393\" data-elementor-post-type=\"page\">\n\t\t\t\t<div class=\"elementor-element elementor-element-4782e9d e-flex e-con-boxed e-con e-parent\" data-id=\"4782e9d\" data-element_type=\"container\" data-settings=\"{&quot;background_background&quot;:&quot;classic&quot;}\">\n\t\t\t\t\t<div class=\"e-con-inner\">\n\t\t<div class=\"elementor-element elementor-element-8cdbdb6 e-con-full e-flex e-con e-child\" data-id=\"8cdbdb6\" data-element_type=\"container\">\n\t\t\t\t<div class=\"elementor-element elementor-element-5aac8d2 elementor-widget elementor-widget-text-editor\" data-id=\"5aac8d2\" data-element_type=\"widget\" data-widget_type=\"text-editor.default\">\n\t\t\t\t\t\t\t\t\t<p>HABLE CON NOSOTROS<\/p>\t\t\t\t\t\t\t\t<\/div>\n\t\t\t\t<div class=\"elementor-element elementor-element-e436866 elementor-widget elementor-widget-heading\" data-id=\"e436866\" data-element_type=\"widget\" data-widget_type=\"heading.default\">\n\t\t\t\t\t<h1 class=\"elementor-heading-title elementor-size-default\">Hable con Free Walker Tours<\/h1>\t\t\t\t<\/div>\n\t\t\t\t<div class=\"elementor-element elementor-element-27b0e93 elementor-widget elementor-widget-text-editor\" data-id=\"27b0e93\" data-element_type=\"widget\" data-widget_type=\"text-editor.default\">\n\t\t\t\t\t\t\t\t\tDeja tu mensaje y a la brevedad nos pondremos en contacto contigo.\t\t\t\t\t\t\t\t<\/div>\n\t\t\t\t<\/div>\n\t\t\t\t\t<\/div>\n\t\t\t\t<\/div>\n\t\t<div class=\"elementor-element elementor-element-b0b50a1 e-grid e-con-boxed e-con e-parent\" data-id=\"b0b50a1\" data-element_type=\"container\">\n\t\t\t\t\t<div class=\"e-con-inner\">\n\t\t<div class=\"elementor-element elementor-element-da11c7e e-con-full e-flex e-con e-child\" data-id=\"da11c7e\" data-element_type=\"container\">\n\t\t\t\t<div class=\"elementor-element elementor-element-03ff82d elementor-widget__width-initial elementor-widget elementor-widget-heading\" data-id=\"03ff82d\" data-element_type=\"widget\" data-widget_type=\"heading.default\">\n\t\t\t\t\t<h2 class=\"elementor-heading-title elementor-size-default\">Env\u00eda tu mensaje y nuestro equipo se pondr\u00e1 en contacto contigo.<\/h2>\t\t\t\t<\/div>\n\t\t\t\t<div class=\"elementor-element elementor-element-adb7f8e elementor-button-align-stretch elementor-widget elementor-widget-form\" data-id=\"adb7f8e\" data-element_type=\"widget\" data-settings=\"{&quot;button_width&quot;:&quot;50&quot;,&quot;step_next_label&quot;:&quot;Pr\\u00f3ximo&quot;,&quot;step_previous_label&quot;:&quot;Anterior&quot;,&quot;button_width_tablet&quot;:&quot;50&quot;,&quot;step_type&quot;:&quot;number_text&quot;,&quot;step_icon_shape&quot;:&quot;circle&quot;}\" data-widget_type=\"form.default\">\n\t\t\t\t\t\t\t<form class=\"elementor-form\" method=\"post\" name=\"Nuevo formul\u00e1rio\" aria-label=\"Nuevo formul\u00e1rio\">\n\t\t\t<input type=\"hidden\" name=\"post_id\" value=\"25409\"\/>\n\t\t\t<input type=\"hidden\" name=\"form_id\" value=\"adb7f8e\"\/>\n\t\t\t<input type=\"hidden\" name=\"referer_title\" value=\"Contacto - FreeWalkerTours\" \/>\n\n\t\t\t\t\t\t\t<input type=\"hidden\" name=\"queried_id\" value=\"25409\"\/>\n\t\t\t\n\t\t\t<div class=\"elementor-form-fields-wrapper elementor-labels-above\">\n\t\t\t\t\t\t\t\t<div class=\"elementor-field-type-text elementor-field-group elementor-column elementor-field-group-name elementor-col-50 elementor-md-100\">\n\t\t\t\t\t\t\t\t\t\t\t\t<label for=\"form-field-name\" class=\"elementor-field-label\">\n\t\t\t\t\t\t\t\tEl Primer Nombre\t\t\t\t\t\t\t<\/label>\n\t\t\t\t\t\t\t\t\t\t\t\t\t\t<input size=\"1\" type=\"text\" name=\"form_fields[name]\" id=\"form-field-name\" class=\"elementor-field elementor-size-md  elementor-field-textual\" placeholder=\"El Primer Nombre\">\n\t\t\t\t\t\t\t\t\t\t\t<\/div>\n\t\t\t\t\t\t\t\t<div class=\"elementor-field-type-text elementor-field-group elementor-column elementor-field-group-field_75f1218 elementor-col-50 elementor-md-100\">\n\t\t\t\t\t\t\t\t\t\t\t\t<label for=\"form-field-field_75f1218\" class=\"elementor-field-label\">\n\t\t\t\t\t\t\t\tApellido\t\t\t\t\t\t\t<\/label>\n\t\t\t\t\t\t\t\t\t\t\t\t\t\t<input size=\"1\" type=\"text\" name=\"form_fields[field_75f1218]\" id=\"form-field-field_75f1218\" class=\"elementor-field elementor-size-md  elementor-field-textual\" placeholder=\"Apellido\">\n\t\t\t\t\t\t\t\t\t\t\t<\/div>\n\t\t\t\t\t\t\t\t<div class=\"elementor-field-type-email elementor-field-group elementor-column elementor-field-group-email elementor-col-50 elementor-md-100 elementor-field-required elementor-mark-required\">\n\t\t\t\t\t\t\t\t\t\t\t\t<label for=\"form-field-email\" class=\"elementor-field-label\">\n\t\t\t\t\t\t\t\tE-mail\t\t\t\t\t\t\t<\/label>\n\t\t\t\t\t\t\t\t\t\t\t\t\t\t<input size=\"1\" type=\"email\" name=\"form_fields[email]\" id=\"form-field-email\" class=\"elementor-field elementor-size-md  elementor-field-textual\" placeholder=\"Tu mejor correo electr\u00f3nico\" required=\"required\">\n\t\t\t\t\t\t\t\t\t\t\t<\/div>\n\t\t\t\t\t\t\t\t<div class=\"elementor-field-type-tel elementor-field-group elementor-column elementor-field-group-field_5c86141 elementor-col-50 elementor-md-100 elementor-field-required elementor-mark-required\">\n\t\t\t\t\t\t\t\t\t\t\t\t<label for=\"form-field-field_5c86141\" class=\"elementor-field-label\">\n\t\t\t\t\t\t\t\tTel\u00e9fono m\u00f3vil\t\t\t\t\t\t\t<\/label>\n\t\t\t\t\t\t\t\t<input size=\"1\" type=\"tel\" name=\"form_fields[field_5c86141]\" id=\"form-field-field_5c86141\" class=\"elementor-field elementor-size-md  elementor-field-textual\" placeholder=\"Tel\u00e9fono m\u00f3vil\" required=\"required\" pattern=\"[0-9()#&amp;+*-=.]+\" title=\"Solo se aceptan n\u00fameros y caracteres de tel\u00e9fono (#,-,*,etc).\">\n\n\t\t\t\t\t\t<\/div>\n\t\t\t\t\t\t\t\t<div class=\"elementor-field-type-select elementor-field-group elementor-column elementor-field-group-message elementor-col-100\">\n\t\t\t\t\t\t\t\t\t\t\t\t<label for=\"form-field-message\" class=\"elementor-field-label\">\n\t\t\t\t\t\t\t\tEnviar\t\t\t\t\t\t\t<\/label>\n\t\t\t\t\t\t\t\t<div class=\"elementor-field elementor-select-wrapper remove-before \">\n\t\t\t<div class=\"select-caret-down-wrapper\">\n\t\t\t\t<svg aria-hidden=\"true\" class=\"e-font-icon-svg e-eicon-caret-down\" viewBox=\"0 0 571.4 571.4\" xmlns=\"http:\/\/www.w3.org\/2000\/svg\"><path d=\"M571 393Q571 407 561 418L311 668Q300 679 286 679T261 668L11 418Q0 407 0 393T11 368 36 357H536Q550 357 561 368T571 393Z\"><\/path><\/svg>\t\t\t<\/div>\n\t\t\t<select name=\"form_fields[message]\" id=\"form-field-message\" class=\"elementor-field-textual elementor-size-md\">\n\t\t\t\t\t\t\t\t\t<option value=\"Quiero m\u00e1s informaci\u00f3n sobre los tours\">Quiero m\u00e1s informaci\u00f3n sobre los tours<\/option>\n\t\t\t\t\t\t\t\t\t<option value=\"Necesito ayuda con mi reserva\">Necesito ayuda con mi reserva<\/option>\n\t\t\t\t\t\t\t\t\t<option value=\"Quiero hacer un cumplido o una queja\">Quiero hacer un cumplido o una queja<\/option>\n\t\t\t\t\t\t\t\t\t<option value=\"Quiero hablar sobre colaboraciones\">Quiero hablar sobre colaboraciones<\/option>\n\t\t\t\t\t\t\t<\/select>\n\t\t<\/div>\n\t\t\t\t\t\t<\/div>\n\t\t\t\t\t\t\t\t<div class=\"elementor-field-type-textarea elementor-field-group elementor-column elementor-field-group-field_26b2ad9 elementor-col-100\">\n\t\t\t\t\t\t\t\t\t\t\t\t<label for=\"form-field-field_26b2ad9\" class=\"elementor-field-label\">\n\t\t\t\t\t\t\t\tMensaje\t\t\t\t\t\t\t<\/label>\n\t\t\t\t\t\t<textarea class=\"elementor-field-textual elementor-field  elementor-size-md\" name=\"form_fields[field_26b2ad9]\" id=\"form-field-field_26b2ad9\" rows=\"6\" placeholder=\"Pon tu mensaje\"><\/textarea>\t\t\t\t<\/div>\n\t\t\t\t\t\t\t\t<div class=\"elementor-field-type-acceptance elementor-field-group elementor-column elementor-field-group-field_54efb45 elementor-col-100 elementor-field-required elementor-mark-required\">\n\t\t\t\t\t\t\t<div class=\"elementor-field-subgroup\">\n\t\t\t<span class=\"elementor-field-option\">\n\t\t\t\t<input type=\"checkbox\" name=\"form_fields[field_54efb45]\" id=\"form-field-field_54efb45\" class=\"elementor-field elementor-size-md  elementor-acceptance-field\" required=\"required\">\n\t\t\t\t<label for=\"form-field-field_54efb45\">He le\u00eddo y acepto las <a href=\"\">condiciones de uso.<\/a><\/label>\t\t\t<\/span>\n\t\t<\/div>\n\t\t\t\t\t\t<\/div>\n\t\t\t\t\t\t\t\t<div class=\"elementor-field-group elementor-column elementor-field-type-submit elementor-col-50 e-form__buttons elementor-md-50\">\n\t\t\t\t\t<button class=\"elementor-button elementor-size-sm\" type=\"submit\">\n\t\t\t\t\t\t<span class=\"elementor-button-content-wrapper\">\n\t\t\t\t\t\t\t\t\t\t\t\t\t\t\t\t\t\t\t\t\t\t<span class=\"elementor-button-text\">Enviar mensaje<\/span>\n\t\t\t\t\t\t\t\t\t\t\t\t\t<\/span>\n\t\t\t\t\t<\/button>\n\t\t\t\t<\/div>\n\t\t\t<\/div>\n\t\t<\/form>\n\t\t\t\t\t\t<\/div>\n\t\t\t\t<\/div>\n\t\t<div class=\"elementor-element elementor-element-a711741 e-con-full e-flex e-con e-child\" data-id=\"a711741\" data-element_type=\"container\" data-settings=\"{&quot;background_background&quot;:&quot;classic&quot;}\">\n\t\t\t\t<div class=\"elementor-element elementor-element-9c378f2 elementor-widget elementor-widget-heading\" data-id=\"9c378f2\" data-element_type=\"widget\" data-widget_type=\"heading.default\">\n\t\t\t\t\t<h2 class=\"elementor-heading-title elementor-size-default\">Acceso r\u00e1pido a nuestros canales de comunicaci\u00f3n:<\/h2>\t\t\t\t<\/div>\n\t\t<div class=\"elementor-element elementor-element-34f76a1 e-con-full e-flex e-con e-child\" data-id=\"34f76a1\" data-element_type=\"container\" data-settings=\"{&quot;background_background&quot;:&quot;classic&quot;}\">\n\t\t\t\t<div class=\"elementor-element elementor-element-46b3c1d elementor-widget__width-initial elementor-widget elementor-widget-image\" data-id=\"46b3c1d\" data-element_type=\"widget\" data-widget_type=\"image.default\">\n\t\t\t\t\t\t\t\t\t\t\t\t\t\t\t\t<a href=\"https:\/\/wa.me\/5521995338278?text=Hello%2C%20I%20come%20from%20the%20site%20and%20would%20like%20more%20information.re%20us\" target=\"_blank\" rel=\"noopener\">\n\t\t\t\t\t\t\t<img decoding=\"async\" width=\"43\" height=\"43\" src=\"https:\/\/freewalkertours.com\/wp-content\/uploads\/2025\/06\/whats.svg\" class=\"attachment-full size-full wp-image-25561\" alt=\"\" \/>\t\t\t\t\t\t\t\t<\/a>\n\t\t\t\t\t\t\t\t\t\t\t\t\t\t\t<\/div>\n\t\t<div class=\"elementor-element elementor-element-08732af e-con-full e-flex e-con e-child\" data-id=\"08732af\" data-element_type=\"container\">\n\t\t<div class=\"elementor-element elementor-element-d976b32 e-con-full e-flex e-con e-child\" data-id=\"d976b32\" data-element_type=\"container\">\n\t\t\t\t<div class=\"elementor-element elementor-element-105abb8 elementor-widget elementor-widget-heading\" data-id=\"105abb8\" data-element_type=\"widget\" data-widget_type=\"heading.default\">\n\t\t\t\t\t<h2 class=\"elementor-heading-title elementor-size-default\">WhatsApp<\/h2>\t\t\t\t<\/div>\n\t\t\t\t<div class=\"elementor-element elementor-element-54e6413 elementor-widget elementor-widget-image\" data-id=\"54e6413\" data-element_type=\"widget\" data-widget_type=\"image.default\">\n\t\t\t\t\t\t\t\t\t\t\t\t\t\t\t<img decoding=\"async\" width=\"24\" height=\"25\" src=\"https:\/\/freewalkertours.com\/wp-content\/uploads\/2025\/06\/arrow-top-right.svg\" class=\"attachment-full size-full wp-image-25567\" alt=\"\" \/>\t\t\t\t\t\t\t\t\t\t\t\t\t\t\t<\/div>\n\t\t\t\t<\/div>\n\t\t<div class=\"elementor-element elementor-element-95618ba e-con-full e-flex e-con e-child\" data-id=\"95618ba\" data-element_type=\"container\">\n\t\t\t\t<div class=\"elementor-element elementor-element-ba487af elementor-widget elementor-widget-text-editor\" data-id=\"ba487af\" data-element_type=\"widget\" data-widget_type=\"text-editor.default\">\n\t\t\t\t\t\t\t\t\t<p><a href=\"https:\/\/api.whatsapp.com\/send\/?phone=5521995338278&amp;text=Hello%2C+I+come+from+the+website+and+would+like+more+information.&amp;type=phone_number&amp;app_absent=0\" target=\"_blank\" rel=\"noopener\">+55 21 99533-8278<\/a><\/p>\t\t\t\t\t\t\t\t<\/div>\n\t\t\t\t<\/div>\n\t\t\t\t<\/div>\n\t\t\t\t<\/div>\n\t\t<div class=\"elementor-element elementor-element-d38311f e-con-full e-flex e-con e-child\" data-id=\"d38311f\" data-element_type=\"container\" data-settings=\"{&quot;background_background&quot;:&quot;classic&quot;}\">\n\t\t\t\t<div class=\"elementor-element elementor-element-a626ed9 elementor-widget__width-initial elementor-widget elementor-widget-image\" data-id=\"a626ed9\" data-element_type=\"widget\" data-widget_type=\"image.default\">\n\t\t\t\t\t\t\t\t\t\t\t\t\t\t\t\t<a href=\"mailto:info@freewalkertours.com\">\n\t\t\t\t\t\t\t<img decoding=\"async\" width=\"43\" height=\"43\" src=\"https:\/\/freewalkertours.com\/wp-content\/uploads\/2025\/06\/mail.svg\" class=\"attachment-large size-large wp-image-25564\" alt=\"\" \/>\t\t\t\t\t\t\t\t<\/a>\n\t\t\t\t\t\t\t\t\t\t\t\t\t\t\t<\/div>\n\t\t<div class=\"elementor-element elementor-element-f582790 e-con-full e-flex e-con e-child\" data-id=\"f582790\" data-element_type=\"container\">\n\t\t<div class=\"elementor-element elementor-element-804863a e-con-full e-flex e-con e-child\" data-id=\"804863a\" data-element_type=\"container\">\n\t\t\t\t<div class=\"elementor-element elementor-element-890cd5f elementor-widget elementor-widget-heading\" data-id=\"890cd5f\" data-element_type=\"widget\" data-widget_type=\"heading.default\">\n\t\t\t\t\t<h2 class=\"elementor-heading-title elementor-size-default\">Email<\/h2>\t\t\t\t<\/div>\n\t\t\t\t<div class=\"elementor-element elementor-element-560fb4b elementor-widget elementor-widget-image\" data-id=\"560fb4b\" data-element_type=\"widget\" data-widget_type=\"image.default\">\n\t\t\t\t\t\t\t\t\t\t\t\t\t\t\t<img decoding=\"async\" width=\"24\" height=\"25\" src=\"https:\/\/freewalkertours.com\/wp-content\/uploads\/2025\/06\/arrow-top-right.svg\" class=\"attachment-full size-full wp-image-25567\" alt=\"\" \/>\t\t\t\t\t\t\t\t\t\t\t\t\t\t\t<\/div>\n\t\t\t\t<\/div>\n\t\t<div class=\"elementor-element elementor-element-63693f7 e-con-full e-flex e-con e-child\" data-id=\"63693f7\" data-element_type=\"container\">\n\t\t\t\t<div class=\"elementor-element elementor-element-2b98da3 elementor-widget elementor-widget-text-editor\" data-id=\"2b98da3\" data-element_type=\"widget\" data-widget_type=\"text-editor.default\">\n\t\t\t\t\t\t\t\t\t<a href=\"mailto:info@freewalkertours.com\">info@freewalkertours.com<\/a>\t\t\t\t\t\t\t\t<\/div>\n\t\t\t\t<\/div>\n\t\t\t\t<\/div>\n\t\t\t\t<\/div>\n\t\t<div class=\"elementor-element elementor-element-e881ad4 e-con-full e-flex e-con e-child\" data-id=\"e881ad4\" data-element_type=\"container\" data-settings=\"{&quot;background_background&quot;:&quot;classic&quot;}\">\n\t\t<div class=\"elementor-element elementor-element-97d5f6a e-con-full e-flex e-con e-child\" data-id=\"97d5f6a\" data-element_type=\"container\">\n\t\t<div class=\"elementor-element elementor-element-fba80f0 e-con-full e-flex e-con e-child\" data-id=\"fba80f0\" data-element_type=\"container\">\n\t\t\t\t<div class=\"elementor-element elementor-element-c7f8ad5 elementor-widget elementor-widget-heading\" data-id=\"c7f8ad5\" data-element_type=\"widget\" data-widget_type=\"heading.default\">\n\t\t\t\t\t<h2 class=\"elementor-heading-title elementor-size-default\">\u00a1Atenci\u00f3n!<\/h2>\t\t\t\t<\/div>\n\t\t\t\t<\/div>\n\t\t<div class=\"elementor-element elementor-element-7a201ca e-con-full e-flex e-con e-child\" data-id=\"7a201ca\" data-element_type=\"container\">\n\t\t\t\t<div class=\"elementor-element elementor-element-02edc15 elementor-widget elementor-widget-text-editor\" data-id=\"02edc15\" data-element_type=\"widget\" data-widget_type=\"text-editor.default\">\n\t\t\t\t\t\t\t\t\t<p>Para discutir cancelaciones, cambios de fecha u otros asuntos relacionados con las reservas, por favor cont\u00e1ctenos v\u00eda WhatsApp.<\/p>\t\t\t\t\t\t\t\t<\/div>\n\t\t\t\t<\/div>\n\t\t\t\t<\/div>\n\t\t\t\t<\/div>\n\t\t\t\t<\/div>\n\t\t\t\t\t<\/div>\n\t\t\t\t<\/div>\n\t\t\t\t<\/div>\n\t\t","protected":false},"excerpt":{"rendered":"<p>HABLE CON NOSOTROS Hable con Free Walker Tours Deja tu mensaje y a la brevedad nos pondremos en contacto contigo. Env\u00eda tu mensaje y nuestro equipo se pondr\u00e1 en contacto contigo. Acceso r\u00e1pido a nuestros canales de comunicaci\u00f3n: WhatsApp +55 21 99533-8278 Email info@freewalkertours.com \u00a1Atenci\u00f3n! Para discutir cancelaciones, cambios de fecha u otros asuntos relacionados [&hellip;]<\/p>\n","protected":false},"author":1,"featured_media":0,"parent":0,"menu_order":0,"comment_status":"closed","ping_status":"closed","template":"elementor_header_footer","meta":{"_acf_changed":false,"footnotes":""},"class_list":["post-25409","page","type-page","status-publish","hentry"],"acf":[],"_links":{"self":[{"href":"https:\/\/freewalkertours.com\/es\/wp-json\/wp\/v2\/pages\/25409","targetHints":{"allow":["GET"]}}],"collection":[{"href":"https:\/\/freewalkertours.com\/es\/wp-json\/wp\/v2\/pages"}],"about":[{"href":"https:\/\/freewalkertours.com\/es\/wp-json\/wp\/v2\/types\/page"}],"author":[{"embeddable":true,"href":"https:\/\/freewalkertours.com\/es\/wp-json\/wp\/v2\/users\/1"}],"replies":[{"embeddable":true,"href":"https:\/\/freewalkertours.com\/es\/wp-json\/wp\/v2\/comments?post=25409"}],"version-history":[{"count":7,"href":"https:\/\/freewalkertours.com\/es\/wp-json\/wp\/v2\/pages\/25409\/revisions"}],"predecessor-version":[{"id":27109,"href":"https:\/\/freewalkertours.com\/es\/wp-json\/wp\/v2\/pages\/25409\/revisions\/27109"}],"wp:attachment":[{"href":"https:\/\/freewalkertours.com\/es\/wp-json\/wp\/v2\/media?parent=25409"}],"curies":[{"name":"wp","href":"https:\/\/api.w.org\/{rel}","templated":true}]}}